{"id":3091,"date":"2025-09-27T11:44:24","date_gmt":"2025-09-27T17:44:24","guid":{"rendered":"https:\/\/tecno-cars.com\/?page_id=3091"},"modified":"2025-09-27T11:59:41","modified_gmt":"2025-09-27T17:59:41","slug":"servicios_serviciospreventivos","status":"publish","type":"page","link":"https:\/\/tecno-cars.com\/index.php\/servicios_serviciospreventivos\/","title":{"rendered":"Servicios_ServiciosPreventivos"},"content":{"rendered":"\t\t<div data-elementor-type=\"wp-post\" data-elementor-id=\"3091\" class=\"elementor elementor-3091\">\n\t\t\t\t<div class=\"elementor-element elementor-element-e716df0 e-flex e-con-boxed e-con e-parent\" data-id=\"e716df0\" data-element_type=\"container\">\n\t\t\t\t\t<div class=\"e-con-inner\">\n\t\t\t\t<div class=\"elementor-element elementor-element-61ca5a6 elementor-widget elementor-widget-spacer\" data-id=\"61ca5a6\" data-element_type=\"widget\" data-widget_type=\"spacer.default\">\n\t\t\t\t<div class=\"elementor-widget-container\">\n\t\t\t\t\t\t\t<div class=\"elementor-spacer\">\n\t\t\t<div class=\"elementor-spacer-inner\"><\/div>\n\t\t<\/div>\n\t\t\t\t\t\t<\/div>\n\t\t\t\t<\/div>\n\t\t\t\t\t<\/div>\n\t\t\t\t<\/div>\n\t\t<div class=\"elementor-element elementor-element-b6c2e50 e-flex e-con-boxed e-con e-parent\" data-id=\"b6c2e50\" data-element_type=\"container\">\n\t\t\t\t\t<div class=\"e-con-inner\">\n\t\t<div class=\"elementor-element elementor-element-830e73c e-con-full e-flex e-con e-child\" data-id=\"830e73c\" data-element_type=\"container\">\n\t\t<div class=\"elementor-element elementor-element-8d707db e-con-full e-flex e-con e-child\" data-id=\"8d707db\" data-element_type=\"container\">\n\t\t\t\t<div class=\"elementor-element elementor-element-c168662 elementor-widget elementor-widget-heading\" data-id=\"c168662\" data-element_type=\"widget\" data-widget_type=\"heading.default\">\n\t\t\t\t<div class=\"elementor-widget-container\">\n\t\t\t\t\t<h2 class=\"elementor-heading-title elementor-size-default\">SERVICIOS PREVENTIVOS<\/h2>\t\t\t\t<\/div>\n\t\t\t\t<\/div>\n\t\t\t\t<div class=\"elementor-element elementor-element-06fdb9d elementor-widget elementor-widget-text-editor\" data-id=\"06fdb9d\" data-element_type=\"widget\" data-widget_type=\"text-editor.default\">\n\t\t\t\t<div class=\"elementor-widget-container\">\n\t\t\t\t\t\t\t\t\t<p>La importancia de los servicios preventivos para tu veh\u00edculo. \u00a0Los servicios preventivos prolongan la vida \u00fatil de tu veh\u00edculo, asegurando un rendimiento \u00f3ptimo a lo largo del tiempo. \u00a0Un veh\u00edculo bien mantenido consume menos combustible, ahorr\u00e1ndote dinero a largo plazo.<\/p><p>Ignorar los servicios preventivos para tu autom\u00f3vil puede tener consecuencias negativas que van desde problemas menores hasta da\u00f1os graves.\u00a0<\/p><p>\u00a0<\/p><p><strong><em>Dentro de los Servicios Preventivos te ofrecemos:<\/em><\/strong><\/p><p>\u00a0<\/p><p>\u00a0<\/p><ul><li>Servicio de L\u00edquido de Frenos.<\/li><li>Servicio de Power Steering (Tim\u00f3n Hidr\u00e1ulico)<\/li><li>Servicio al Sistema de Refrigerante<\/li><li>Servicio de Limpieza a Radiador<\/li><li>Servicio de Caja Autom\u00e1tica ATF y CVT<\/li><li>Servicio de Caja Manual<\/li><li>Limpieza de Cuerpo de Aceleraci\u00f3n<\/li><li>Descarbonizaci\u00f3n con Hidr\u00f3geno<\/li><\/ul>\t\t\t\t\t\t\t\t<\/div>\n\t\t\t\t<\/div>\n\t\t\t\t<\/div>\n\t\t\t\t<div class=\"elementor-element elementor-element-057dc0c elementor-align-left elementor-widget elementor-widget-button\" data-id=\"057dc0c\" data-element_type=\"widget\" data-widget_type=\"button.default\">\n\t\t\t\t<div class=\"elementor-widget-container\">\n\t\t\t\t\t\t\t\t\t<div class=\"elementor-button-wrapper\">\n\t\t\t\t\t<a class=\"elementor-button elementor-button-link elementor-size-sm\" href=\"https:\/\/wa.me\/+50230694474\">\n\t\t\t\t\t\t<span class=\"elementor-button-content-wrapper\">\n\t\t\t\t\t\t\t\t\t<span class=\"elementor-button-text\">Cotiza ahora<\/span>\n\t\t\t\t\t<\/span>\n\t\t\t\t\t<\/a>\n\t\t\t\t<\/div>\n\t\t\t\t\t\t\t\t<\/div>\n\t\t\t\t<\/div>\n\t\t\t\t<\/div>\n\t\t\t\t<div class=\"elementor-element elementor-element-5cba33e elementor-widget elementor-widget-image\" data-id=\"5cba33e\" data-element_type=\"widget\" data-widget_type=\"image.default\">\n\t\t\t\t<div class=\"elementor-widget-container\">\n\t\t\t\t\t\t\t\t\t\t\t\t\t\t\t<img fetchpriority=\"high\" decoding=\"async\" width=\"683\" height=\"1024\" src=\"https:\/\/tecno-cars.com\/wp\/wp-content\/uploads\/2025\/09\/servicios-preventivos-2.png\" class=\"attachment-large size-large wp-image-3037\" alt=\"servicios preventivos 2\" title=\"Servicios_ServiciosPreventivos\">\t\t\t\t\t\t\t\t\t\t\t\t\t\t\t<\/div>\n\t\t\t\t<\/div>\n\t\t\t\t\t<\/div>\n\t\t\t\t<\/div>\n\t\t\t\t<\/div>\n\t\t","protected":false},"excerpt":{"rendered":"<p>SERVICIOS PREVENTIVOS La importancia de los servicios preventivos para tu veh\u00edculo. \u00a0Los servicios preventivos prolongan la vida \u00fatil de tu veh\u00edculo, asegurando un rendimiento \u00f3ptimo a lo largo del tiempo. \u00a0Un veh\u00edculo bien mantenido consume menos combustible, ahorr\u00e1ndote dinero a largo plazo. Ignorar los servicios preventivos para tu autom\u00f3vil puede tener consecuencias negativas que van [&hellip;]<\/p>\n","protected":false},"author":1,"featured_media":0,"parent":0,"menu_order":0,"comment_status":"closed","ping_status":"closed","template":"","meta":{"site-sidebar-layout":"no-sidebar","site-content-layout":"page-builder","ast-site-content-layout":"default","site-content-style":"default","site-sidebar-style":"default","ast-global-header-display":"","ast-banner-title-visibility":"","ast-main-header-display":"","ast-hfb-above-header-display":"","ast-hfb-below-header-display":"","ast-hfb-mobile-header-display":"","site-post-title":"disabled","ast-breadcrumbs-content":"","ast-featured-img":"disabled","footer-sml-layout":"","theme-transparent-header-meta":"enabled","adv-header-id-meta":"","stick-header-meta":"","header-above-stick-meta":"","header-main-stick-meta":"","header-below-stick-meta":"","astra-migrate-meta-layouts":"default","ast-page-background-enabled":"default","ast-page-background-meta":{"desktop":{"background-color":"","background-image":"","background-repeat":"repeat","background-position":"center center","background-size":"auto","background-attachment":"scroll","background-type":"","background-media":"","overlay-type":"","overlay-color":"","overlay-opacity":"","overlay-gradient":""},"tablet":{"background-color":"","background-image":"","background-repeat":"repeat","background-position":"center center","background-size":"auto","background-attachment":"scroll","background-type":"","background-media":"","overlay-type":"","overlay-color":"","overlay-opacity":"","overlay-gradient":""},"mobile":{"background-color":"","background-image":"","background-repeat":"repeat","background-position":"center center","background-size":"auto","background-attachment":"scroll","background-type":"","background-media":"","overlay-type":"","overlay-color":"","overlay-opacity":"","overlay-gradient":""}},"ast-content-background-meta":{"desktop":{"background-color":"var(--ast-global-color-5)","background-image":"","background-repeat":"repeat","background-position":"center center","background-size":"auto","background-attachment":"scroll","background-type":"","background-media":"","overlay-type":"","overlay-color":"","overlay-opacity":"","overlay-gradient":""},"tablet":{"background-color":"var(--ast-global-color-5)","background-image":"","background-repeat":"repeat","background-position":"center center","background-size":"auto","background-attachment":"scroll","background-type":"","background-media":"","overlay-type":"","overlay-color":"","overlay-opacity":"","overlay-gradient":""},"mobile":{"background-color":"var(--ast-global-color-5)","background-image":"","background-repeat":"repeat","background-position":"center center","background-size":"auto","background-attachment":"scroll","background-type":"","background-media":"","overlay-type":"","overlay-color":"","overlay-opacity":"","overlay-gradient":""}},"footnotes":""},"class_list":["post-3091","page","type-page","status-publish","hentry"],"yoast_head":"<!-- This site is optimized with the Yoast SEO plugin v25.9 - https:\/\/yoast.com\/wordpress\/plugins\/seo\/ -->\n<title>Servicios_ServiciosPreventivos - Tecnocars<\/title>\n<meta name=\"robots\" content=\"index, follow, max-snippet:-1, max-image-preview:large, max-video-preview:-1\" \/>\n<link rel=\"canonical\" href=\"https:\/\/tecno-cars.com\/index.php\/servicios_serviciospreventivos\/\" \/>\n<meta property=\"og:locale\" content=\"es_ES\" \/>\n<meta property=\"og:type\" content=\"article\" \/>\n<meta property=\"og:title\" content=\"Servicios_ServiciosPreventivos - Tecnocars\" \/>\n<meta property=\"og:description\" content=\"SERVICIOS PREVENTIVOS La importancia de los servicios preventivos para tu veh\u00edculo. \u00a0Los servicios preventivos prolongan la vida \u00fatil de tu veh\u00edculo, asegurando un rendimiento \u00f3ptimo a lo largo del tiempo. \u00a0Un veh\u00edculo bien mantenido consume menos combustible, ahorr\u00e1ndote dinero a largo plazo. Ignorar los servicios preventivos para tu autom\u00f3vil puede tener consecuencias negativas que van [&hellip;]\" \/>\n<meta property=\"og:url\" content=\"https:\/\/tecno-cars.com\/index.php\/servicios_serviciospreventivos\/\" \/>\n<meta property=\"og:site_name\" content=\"Tecnocars\" \/>\n<meta property=\"article:modified_time\" content=\"2025-09-27T17:59:41+00:00\" \/>\n<meta property=\"og:image\" content=\"https:\/\/tecno-cars.com\/wp\/wp-content\/uploads\/2025\/09\/servicios-preventivos-2.png\" \/>\n\t<meta property=\"og:image:width\" content=\"1024\" \/>\n\t<meta property=\"og:image:height\" content=\"1536\" \/>\n\t<meta property=\"og:image:type\" content=\"image\/png\" \/>\n<meta name=\"twitter:card\" content=\"summary_large_image\" \/>\n<meta name=\"twitter:label1\" content=\"Est. reading time\" \/>\n\t<meta name=\"twitter:data1\" content=\"1 minuto\" \/>\n<script type=\"application\/ld+json\" class=\"yoast-schema-graph\">{\"@context\":\"https:\/\/schema.org\",\"@graph\":[{\"@type\":\"WebPage\",\"@id\":\"https:\/\/tecno-cars.com\/index.php\/servicios_serviciospreventivos\/\",\"url\":\"https:\/\/tecno-cars.com\/index.php\/servicios_serviciospreventivos\/\",\"name\":\"Servicios_ServiciosPreventivos - Tecnocars\",\"isPartOf\":{\"@id\":\"https:\/\/tecno-cars.com\/#website\"},\"primaryImageOfPage\":{\"@id\":\"https:\/\/tecno-cars.com\/index.php\/servicios_serviciospreventivos\/#primaryimage\"},\"image\":{\"@id\":\"https:\/\/tecno-cars.com\/index.php\/servicios_serviciospreventivos\/#primaryimage\"},\"thumbnailUrl\":\"https:\/\/tecno-cars.com\/wp\/wp-content\/uploads\/2025\/09\/servicios-preventivos-2.png\",\"datePublished\":\"2025-09-27T17:44:24+00:00\",\"dateModified\":\"2025-09-27T17:59:41+00:00\",\"breadcrumb\":{\"@id\":\"https:\/\/tecno-cars.com\/index.php\/servicios_serviciospreventivos\/#breadcrumb\"},\"inLanguage\":\"es\",\"potentialAction\":[{\"@type\":\"ReadAction\",\"target\":[\"https:\/\/tecno-cars.com\/index.php\/servicios_serviciospreventivos\/\"]}]},{\"@type\":\"ImageObject\",\"inLanguage\":\"es\",\"@id\":\"https:\/\/tecno-cars.com\/index.php\/servicios_serviciospreventivos\/#primaryimage\",\"url\":\"https:\/\/tecno-cars.com\/wp\/wp-content\/uploads\/2025\/09\/servicios-preventivos-2.png\",\"contentUrl\":\"https:\/\/tecno-cars.com\/wp\/wp-content\/uploads\/2025\/09\/servicios-preventivos-2.png\",\"width\":1024,\"height\":1536,\"caption\":\"servicios preventivos 2\"},{\"@type\":\"BreadcrumbList\",\"@id\":\"https:\/\/tecno-cars.com\/index.php\/servicios_serviciospreventivos\/#breadcrumb\",\"itemListElement\":[{\"@type\":\"ListItem\",\"position\":1,\"name\":\"Home\",\"item\":\"https:\/\/tecno-cars.com\/\"},{\"@type\":\"ListItem\",\"position\":2,\"name\":\"Servicios_ServiciosPreventivos\"}]},{\"@type\":\"WebSite\",\"@id\":\"https:\/\/tecno-cars.com\/#website\",\"url\":\"https:\/\/tecno-cars.com\/\",\"name\":\"Tecnocars\",\"description\":\"Centro de Servicio Automotriz\",\"publisher\":{\"@id\":\"https:\/\/tecno-cars.com\/#organization\"},\"potentialAction\":[{\"@type\":\"SearchAction\",\"target\":{\"@type\":\"EntryPoint\",\"urlTemplate\":\"https:\/\/tecno-cars.com\/?s={search_term_string}\"},\"query-input\":{\"@type\":\"PropertyValueSpecification\",\"valueRequired\":true,\"valueName\":\"search_term_string\"}}],\"inLanguage\":\"es\"},{\"@type\":\"Organization\",\"@id\":\"https:\/\/tecno-cars.com\/#organization\",\"name\":\"Tecnocars\",\"url\":\"https:\/\/tecno-cars.com\/\",\"logo\":{\"@type\":\"ImageObject\",\"inLanguage\":\"es\",\"@id\":\"https:\/\/tecno-cars.com\/#\/schema\/logo\/image\/\",\"url\":\"https:\/\/tecno-cars.com\/wp\/wp-content\/uploads\/2025\/09\/Logo-negro.png\",\"contentUrl\":\"https:\/\/tecno-cars.com\/wp\/wp-content\/uploads\/2025\/09\/Logo-negro.png\",\"width\":1500,\"height\":1500,\"caption\":\"Tecnocars\"},\"image\":{\"@id\":\"https:\/\/tecno-cars.com\/#\/schema\/logo\/image\/\"}}]}<\/script>\n<!-- \/ Yoast SEO plugin. -->","yoast_head_json":{"title":"Servicios_ServiciosPreventivos - Tecnocars","robots":{"index":"index","follow":"follow","max-snippet":"max-snippet:-1","max-image-preview":"max-image-preview:large","max-video-preview":"max-video-preview:-1"},"canonical":"https:\/\/tecno-cars.com\/index.php\/servicios_serviciospreventivos\/","og_locale":"es_ES","og_type":"article","og_title":"Servicios_ServiciosPreventivos - Tecnocars","og_description":"SERVICIOS PREVENTIVOS La importancia de los servicios preventivos para tu veh\u00edculo. \u00a0Los servicios preventivos prolongan la vida \u00fatil de tu veh\u00edculo, asegurando un rendimiento \u00f3ptimo a lo largo del tiempo. \u00a0Un veh\u00edculo bien mantenido consume menos combustible, ahorr\u00e1ndote dinero a largo plazo. Ignorar los servicios preventivos para tu autom\u00f3vil puede tener consecuencias negativas que van [&hellip;]","og_url":"https:\/\/tecno-cars.com\/index.php\/servicios_serviciospreventivos\/","og_site_name":"Tecnocars","article_modified_time":"2025-09-27T17:59:41+00:00","og_image":[{"width":1024,"height":1536,"url":"https:\/\/tecno-cars.com\/wp\/wp-content\/uploads\/2025\/09\/servicios-preventivos-2.png","type":"image\/png"}],"twitter_card":"summary_large_image","twitter_misc":{"Est. reading time":"1 minuto"},"schema":{"@context":"https:\/\/schema.org","@graph":[{"@type":"WebPage","@id":"https:\/\/tecno-cars.com\/index.php\/servicios_serviciospreventivos\/","url":"https:\/\/tecno-cars.com\/index.php\/servicios_serviciospreventivos\/","name":"Servicios_ServiciosPreventivos - Tecnocars","isPartOf":{"@id":"https:\/\/tecno-cars.com\/#website"},"primaryImageOfPage":{"@id":"https:\/\/tecno-cars.com\/index.php\/servicios_serviciospreventivos\/#primaryimage"},"image":{"@id":"https:\/\/tecno-cars.com\/index.php\/servicios_serviciospreventivos\/#primaryimage"},"thumbnailUrl":"https:\/\/tecno-cars.com\/wp\/wp-content\/uploads\/2025\/09\/servicios-preventivos-2.png","datePublished":"2025-09-27T17:44:24+00:00","dateModified":"2025-09-27T17:59:41+00:00","breadcrumb":{"@id":"https:\/\/tecno-cars.com\/index.php\/servicios_serviciospreventivos\/#breadcrumb"},"inLanguage":"es","potentialAction":[{"@type":"ReadAction","target":["https:\/\/tecno-cars.com\/index.php\/servicios_serviciospreventivos\/"]}]},{"@type":"ImageObject","inLanguage":"es","@id":"https:\/\/tecno-cars.com\/index.php\/servicios_serviciospreventivos\/#primaryimage","url":"https:\/\/tecno-cars.com\/wp\/wp-content\/uploads\/2025\/09\/servicios-preventivos-2.png","contentUrl":"https:\/\/tecno-cars.com\/wp\/wp-content\/uploads\/2025\/09\/servicios-preventivos-2.png","width":1024,"height":1536,"caption":"servicios preventivos 2"},{"@type":"BreadcrumbList","@id":"https:\/\/tecno-cars.com\/index.php\/servicios_serviciospreventivos\/#breadcrumb","itemListElement":[{"@type":"ListItem","position":1,"name":"Home","item":"https:\/\/tecno-cars.com\/"},{"@type":"ListItem","position":2,"name":"Servicios_ServiciosPreventivos"}]},{"@type":"WebSite","@id":"https:\/\/tecno-cars.com\/#website","url":"https:\/\/tecno-cars.com\/","name":"Tecnocars","description":"Centro de Servicio Automotriz","publisher":{"@id":"https:\/\/tecno-cars.com\/#organization"},"potentialAction":[{"@type":"SearchAction","target":{"@type":"EntryPoint","urlTemplate":"https:\/\/tecno-cars.com\/?s={search_term_string}"},"query-input":{"@type":"PropertyValueSpecification","valueRequired":true,"valueName":"search_term_string"}}],"inLanguage":"es"},{"@type":"Organization","@id":"https:\/\/tecno-cars.com\/#organization","name":"Tecnocars","url":"https:\/\/tecno-cars.com\/","logo":{"@type":"ImageObject","inLanguage":"es","@id":"https:\/\/tecno-cars.com\/#\/schema\/logo\/image\/","url":"https:\/\/tecno-cars.com\/wp\/wp-content\/uploads\/2025\/09\/Logo-negro.png","contentUrl":"https:\/\/tecno-cars.com\/wp\/wp-content\/uploads\/2025\/09\/Logo-negro.png","width":1500,"height":1500,"caption":"Tecnocars"},"image":{"@id":"https:\/\/tecno-cars.com\/#\/schema\/logo\/image\/"}}]}},"_links":{"self":[{"href":"https:\/\/tecno-cars.com\/index.php\/wp-json\/wp\/v2\/pages\/3091","targetHints":{"allow":["GET"]}}],"collection":[{"href":"https:\/\/tecno-cars.com\/index.php\/wp-json\/wp\/v2\/pages"}],"about":[{"href":"https:\/\/tecno-cars.com\/index.php\/wp-json\/wp\/v2\/types\/page"}],"author":[{"embeddable":true,"href":"https:\/\/tecno-cars.com\/index.php\/wp-json\/wp\/v2\/users\/1"}],"replies":[{"embeddable":true,"href":"https:\/\/tecno-cars.com\/index.php\/wp-json\/wp\/v2\/comments?post=3091"}],"version-history":[{"count":10,"href":"https:\/\/tecno-cars.com\/index.php\/wp-json\/wp\/v2\/pages\/3091\/revisions"}],"predecessor-version":[{"id":3141,"href":"https:\/\/tecno-cars.com\/index.php\/wp-json\/wp\/v2\/pages\/3091\/revisions\/3141"}],"wp:attachment":[{"href":"https:\/\/tecno-cars.com\/index.php\/wp-json\/wp\/v2\/media?parent=3091"}],"curies":[{"name":"wp","href":"https:\/\/api.w.org\/{rel}","templated":true}]}}