{"id":230,"date":"2025-09-24T08:47:43","date_gmt":"2025-09-24T14:47:43","guid":{"rendered":"https:\/\/tecno-cars.com\/index.php\/our-staff\/"},"modified":"2025-10-09T12:31:40","modified_gmt":"2025-10-09T18:31:40","slug":"our-staff","status":"publish","type":"page","link":"https:\/\/tecno-cars.com\/index.php\/our-staff\/","title":{"rendered":"Nuestro Equipo"},"content":{"rendered":"\t\t<div data-elementor-type=\"wp-post\" data-elementor-id=\"230\" class=\"elementor elementor-230\">\n\t\t\t\t<div class=\"elementor-element elementor-element-9ba02cf e-flex e-con-boxed e-con e-parent\" data-id=\"9ba02cf\" data-element_type=\"container\">\n\t\t\t\t\t<div class=\"e-con-inner\">\n\t\t\t\t<div class=\"elementor-element elementor-element-001fdf4 elementor-widget elementor-widget-spacer\" data-id=\"001fdf4\" data-element_type=\"widget\" data-widget_type=\"spacer.default\">\n\t\t\t\t<div class=\"elementor-widget-container\">\n\t\t\t\t\t\t\t<div class=\"elementor-spacer\">\n\t\t\t<div class=\"elementor-spacer-inner\"><\/div>\n\t\t<\/div>\n\t\t\t\t\t\t<\/div>\n\t\t\t\t<\/div>\n\t\t\t\t\t<\/div>\n\t\t\t\t<\/div>\n\t\t<div class=\"elementor-element elementor-element-dc5c5f3 e-flex e-con-boxed e-con e-parent\" data-id=\"dc5c5f3\" data-element_type=\"container\">\n\t\t\t\t\t<div class=\"e-con-inner\">\n\t\t<div class=\"elementor-element elementor-element-f6d93f4 e-con-full e-flex e-con e-child\" data-id=\"f6d93f4\" data-element_type=\"container\">\n\t\t<div class=\"elementor-element elementor-element-fa98f7a e-con-full e-flex e-con e-child\" data-id=\"fa98f7a\" data-element_type=\"container\">\n\t\t<div class=\"elementor-element elementor-element-f0d227f e-con-full e-flex e-con e-child\" data-id=\"f0d227f\" data-element_type=\"container\">\n\t\t\t\t<div class=\"elementor-element elementor-element-0c34aa0 elementor-widget elementor-widget-heading\" data-id=\"0c34aa0\" data-element_type=\"widget\" data-widget_type=\"heading.default\">\n\t\t\t\t<div class=\"elementor-widget-container\">\n\t\t\t\t\t<h2 class=\"elementor-heading-title elementor-size-default\">Conoce A nuestro Equipo<\/h2>\t\t\t\t<\/div>\n\t\t\t\t<\/div>\n\t\t\t\t<div class=\"elementor-element elementor-element-9cb32f9 elementor-widget elementor-widget-text-editor\" data-id=\"9cb32f9\" data-element_type=\"widget\" data-widget_type=\"text-editor.default\">\n\t\t\t\t<div class=\"elementor-widget-container\">\n\t\t\t\t\t\t\t\t\t<div><p class=\"x_MsoNormal\"><span data-ogsc=\"rgb(7, 55, 99)\" data-olk-copy-source=\"MessageBody\">Nuestro mayor enfoque es tu SEGURIDAD y la satisfacci\u00f3n de cada uno de nuestros<br \/>clientes atendidos por nuestro equipo profesional.<\/span><\/p><\/div><div><div><p class=\"x_MsoNormal\"><span data-ogsc=\"rgb(7, 55, 99)\" data-olk-copy-source=\"MessageBody\">Contamos con un equipo de t\u00e9cnicos expertos y apasionados por la mec\u00e1nica automotriz,<br \/>dedicados a brindar un servicio confiable, seguro y transparente.<\/span><\/p><\/div><div><p class=\"x_MsoNormal\"><span data-ogsc=\"rgb(7, 55, 99)\">\u00a0<\/span><\/p><\/div><p class=\"x_MsoNormal\"><b><span data-ogsc=\"rgb(7, 55, 99)\">TECNO CAR`S<\/span><\/b><\/p><p class=\"x_MsoNormal\"><b><i><span data-ogsc=\"rgb(7, 55, 99)\">TU TALLER DE CONFIANZA<\/span><\/i><\/b><\/p><\/div>\t\t\t\t\t\t\t\t<\/div>\n\t\t\t\t<\/div>\n\t\t\t\t<div class=\"elementor-element elementor-element-096a11e elementor-widget-divider--view-line elementor-widget elementor-widget-divider\" data-id=\"096a11e\" data-element_type=\"widget\" data-widget_type=\"divider.default\">\n\t\t\t\t<div class=\"elementor-widget-container\">\n\t\t\t\t\t\t\t<div class=\"elementor-divider\">\n\t\t\t<span class=\"elementor-divider-separator\">\n\t\t\t\t\t\t<\/span>\n\t\t<\/div>\n\t\t\t\t\t\t<\/div>\n\t\t\t\t<\/div>\n\t\t\t\t<\/div>\n\t\t\t\t<\/div>\n\t\t\t\t<\/div>\n\t\t\t\t\t<\/div>\n\t\t\t\t<\/div>\n\t\t<div class=\"elementor-element elementor-element-7cc96ef e-flex e-con-boxed e-con e-parent\" data-id=\"7cc96ef\" data-element_type=\"container\">\n\t\t\t\t\t<div class=\"e-con-inner\">\n\t\t\t\t<div class=\"elementor-element elementor-element-88b9d37 elementor-arrows-position-inside elementor-pagination-position-outside elementor-widget elementor-widget-image-carousel\" data-id=\"88b9d37\" data-element_type=\"widget\" data-settings=\"{&quot;autoplay_speed&quot;:2500,&quot;navigation&quot;:&quot;both&quot;,&quot;autoplay&quot;:&quot;yes&quot;,&quot;pause_on_hover&quot;:&quot;yes&quot;,&quot;pause_on_interaction&quot;:&quot;yes&quot;,&quot;infinite&quot;:&quot;yes&quot;,&quot;speed&quot;:500}\" data-widget_type=\"image-carousel.default\">\n\t\t\t\t<div class=\"elementor-widget-container\">\n\t\t\t\t\t\t\t<div class=\"elementor-image-carousel-wrapper swiper\" role=\"region\" aria-roledescription=\"carousel\" aria-label=\"Carrusel de im\u00e1genes\" dir=\"ltr\">\n\t\t\t<div class=\"elementor-image-carousel swiper-wrapper\" aria-live=\"off\">\n\t\t\t\t\t\t\t\t<div class=\"swiper-slide\" role=\"group\" aria-roledescription=\"slide\" aria-label=\"1 de 10\"><figure class=\"swiper-slide-inner\"><img decoding=\"async\" class=\"swiper-slide-image\" src=\"https:\/\/tecno-cars.com\/wp\/wp-content\/uploads\/elementor\/thumbs\/20251002_121042-scaled-rcxax2i2hq3wh27nrhvzcq7sp6u6svhqwppg3o7z0w.jpg\" alt=\"20251002 121042\" title=\"Nuestro Equipo\"><\/figure><\/div><div class=\"swiper-slide\" role=\"group\" aria-roledescription=\"slide\" aria-label=\"2 de 10\"><figure class=\"swiper-slide-inner\"><img decoding=\"async\" class=\"swiper-slide-image\" src=\"https:\/\/tecno-cars.com\/wp\/wp-content\/uploads\/elementor\/thumbs\/20251002_132900-scaled-rcxaxa0s0ee71xwqjl4zwobhg9t4igbllqxbxvwtn4.jpg\" alt=\"20251002 132900\" title=\"Nuestro Equipo\"><\/figure><\/div><div class=\"swiper-slide\" role=\"group\" aria-roledescription=\"slide\" aria-label=\"3 de 10\"><figure class=\"swiper-slide-inner\"><img decoding=\"async\" class=\"swiper-slide-image\" src=\"https:\/\/tecno-cars.com\/wp\/wp-content\/uploads\/elementor\/thumbs\/20251002_132915-scaled-rcxaxcuakwi20rsn34cvm5lv8ff85jmsm4vsdpsn4g.jpg\" alt=\"20251002 132915\" title=\"Nuestro Equipo\"><\/figure><\/div><div class=\"swiper-slide\" role=\"group\" aria-roledescription=\"slide\" aria-label=\"4 de 10\"><figure class=\"swiper-slide-inner\"><img decoding=\"async\" class=\"swiper-slide-image\" src=\"https:\/\/tecno-cars.com\/wp\/wp-content\/uploads\/elementor\/thumbs\/20251002_140927-scaled-rcxaxhjhj2ohmtltboe0gmf67cs2815gas57s3lo9c.jpg\" alt=\"20251002 140927\" title=\"Nuestro Equipo\"><\/figure><\/div><div class=\"swiper-slide\" role=\"group\" aria-roledescription=\"slide\" aria-label=\"5 de 10\"><figure class=\"swiper-slide-inner\"><img decoding=\"async\" class=\"swiper-slide-image\" src=\"https:\/\/tecno-cars.com\/wp\/wp-content\/uploads\/elementor\/thumbs\/20251002_143410-scaled-rcxaxlauaetmx9gcpq0iqlh0kw9j2tkdnar5p7g3kg.jpg\" alt=\"20251002 143410\" title=\"Nuestro Equipo\"><\/figure><\/div><div class=\"swiper-slide\" role=\"group\" aria-roledescription=\"slide\" aria-label=\"6 de 10\"><figure class=\"swiper-slide-inner\"><img decoding=\"async\" class=\"swiper-slide-image\" src=\"https:\/\/tecno-cars.com\/wp\/wp-content\/uploads\/elementor\/thumbs\/20251002_143531-scaled-rcxaxo4cuwxhw3c9998eg2red1vmpwvknopm51bx1s.jpg\" alt=\"20251002 143531\" title=\"Nuestro Equipo\"><\/figure><\/div><div class=\"swiper-slide\" role=\"group\" aria-roledescription=\"slide\" aria-label=\"7 de 10\"><figure class=\"swiper-slide-inner\"><img decoding=\"async\" class=\"swiper-slide-image\" src=\"https:\/\/tecno-cars.com\/wp\/wp-content\/uploads\/elementor\/thumbs\/20251002_143926-scaled-rcxaxrvpm92n6j6snauwq1t8qld3kpai07bk256ccw.jpg\" alt=\"20251002 143926\" title=\"Nuestro Equipo\"><\/figure><\/div><div class=\"swiper-slide\" role=\"group\" aria-roledescription=\"slide\" aria-label=\"8 de 10\"><figure class=\"swiper-slide-inner\"><img decoding=\"async\" class=\"swiper-slide-image\" src=\"https:\/\/tecno-cars.com\/wp\/wp-content\/uploads\/elementor\/thumbs\/20251002_150238-scaled-rcxaxup86r6i5d2p6u2sfj3miqz77slp0la0hz25u8.jpg\" alt=\"20251002 150238\" title=\"Nuestro Equipo\"><\/figure><\/div><div class=\"swiper-slide\" role=\"group\" aria-roledescription=\"slide\" aria-label=\"9 de 10\"><figure class=\"swiper-slide-inner\"><img decoding=\"async\" class=\"swiper-slide-image\" src=\"https:\/\/tecno-cars.com\/wp\/wp-content\/uploads\/elementor\/thumbs\/20251002_150533-scaled-rcxaxxiqr9ad46ylqdao50e0awlauvww0z8gxsxzbk.jpg\" alt=\"20251002 150533\" title=\"Nuestro Equipo\"><\/figure><\/div><div class=\"swiper-slide\" role=\"group\" aria-roledescription=\"slide\" aria-label=\"10 de 10\"><figure class=\"swiper-slide-inner\"><img decoding=\"async\" class=\"swiper-slide-image\" src=\"https:\/\/tecno-cars.com\/wp\/wp-content\/uploads\/elementor\/thumbs\/20251002_121042-1-scaled-rcyrdlwhsjdj0j060tte15tzcygy0av0k43hvk2djk.jpg\" alt=\"20251002 121042\" title=\"Nuestro Equipo\"><\/figure><\/div>\t\t\t<\/div>\n\t\t\t\t\t\t\t\t\t\t\t\t<div class=\"elementor-swiper-button elementor-swiper-button-prev\" role=\"button\" tabindex=\"0\">\n\t\t\t\t\t\t<i aria-hidden=\"true\" class=\"eicon-chevron-left\"><\/i>\t\t\t\t\t<\/div>\n\t\t\t\t\t<div class=\"elementor-swiper-button elementor-swiper-button-next\" role=\"button\" tabindex=\"0\">\n\t\t\t\t\t\t<i aria-hidden=\"true\" class=\"eicon-chevron-right\"><\/i>\t\t\t\t\t<\/div>\n\t\t\t\t\n\t\t\t\t\t\t\t\t\t<div class=\"swiper-pagination\"><\/div>\n\t\t\t\t\t\t\t\t\t<\/div>\n\t\t\t\t\t\t<\/div>\n\t\t\t\t<\/div>\n\t\t\t\t\t<\/div>\n\t\t\t\t<\/div>\n\t\t\t\t<\/div>\n\t\t","protected":false},"excerpt":{"rendered":"<p>Conoce A nuestro Equipo Nuestro mayor enfoque es tu SEGURIDAD y la satisfacci\u00f3n de cada uno de nuestrosclientes atendidos por nuestro equipo profesional. Contamos con un equipo de t\u00e9cnicos expertos y apasionados por la mec\u00e1nica automotriz,dedicados a brindar un servicio confiable, seguro y transparente. \u00a0 TECNO CAR`S TU TALLER DE CONFIANZA<\/p>\n","protected":false},"author":1,"featured_media":0,"parent":0,"menu_order":0,"comment_status":"closed","ping_status":"closed","template":"","meta":{"site-sidebar-layout":"no-sidebar","site-content-layout":"page-builder","ast-site-content-layout":"default","site-content-style":"default","site-sidebar-style":"default","ast-global-header-display":"","ast-banner-title-visibility":"","ast-main-header-display":"","ast-hfb-above-header-display":"","ast-hfb-below-header-display":"","ast-hfb-mobile-header-display":"","site-post-title":"disabled","ast-breadcrumbs-content":"","ast-featured-img":"disabled","footer-sml-layout":"","theme-transparent-header-meta":"enabled","adv-header-id-meta":"","stick-header-meta":"","header-above-stick-meta":"","header-main-stick-meta":"","header-below-stick-meta":"","astra-migrate-meta-layouts":"default","ast-page-background-enabled":"default","ast-page-background-meta":{"desktop":{"background-color":"","background-image":"","background-repeat":"repeat","background-position":"center center","background-size":"auto","background-attachment":"scroll","background-type":"","background-media":"","overlay-type":"","overlay-color":"","overlay-opacity":"","overlay-gradient":""},"tablet":{"background-color":"","background-image":"","background-repeat":"repeat","background-position":"center center","background-size":"auto","background-attachment":"scroll","background-type":"","background-media":"","overlay-type":"","overlay-color":"","overlay-opacity":"","overlay-gradient":""},"mobile":{"background-color":"","background-image":"","background-repeat":"repeat","background-position":"center center","background-size":"auto","background-attachment":"scroll","background-type":"","background-media":"","overlay-type":"","overlay-color":"","overlay-opacity":"","overlay-gradient":""}},"ast-content-background-meta":{"desktop":{"background-color":"var(--ast-global-color-5)","background-image":"","background-repeat":"repeat","background-position":"center center","background-size":"auto","background-attachment":"scroll","background-type":"","background-media":"","overlay-type":"","overlay-color":"","overlay-opacity":"","overlay-gradient":""},"tablet":{"background-color":"var(--ast-global-color-5)","background-image":"","background-repeat":"repeat","background-position":"center center","background-size":"auto","background-attachment":"scroll","background-type":"","background-media":"","overlay-type":"","overlay-color":"","overlay-opacity":"","overlay-gradient":""},"mobile":{"background-color":"var(--ast-global-color-5)","background-image":"","background-repeat":"repeat","background-position":"center center","background-size":"auto","background-attachment":"scroll","background-type":"","background-media":"","overlay-type":"","overlay-color":"","overlay-opacity":"","overlay-gradient":""}},"footnotes":""},"class_list":["post-230","page","type-page","status-publish","hentry"],"yoast_head":"<!-- This site is optimized with the Yoast SEO plugin v25.9 - https:\/\/yoast.com\/wordpress\/plugins\/seo\/ -->\n<title>Nuestro Equipo - Tecnocars<\/title>\n<meta name=\"robots\" content=\"index, follow, max-snippet:-1, max-image-preview:large, max-video-preview:-1\" \/>\n<link rel=\"canonical\" href=\"https:\/\/tecno-cars.com\/index.php\/our-staff\/\" \/>\n<meta property=\"og:locale\" content=\"es_ES\" \/>\n<meta property=\"og:type\" content=\"article\" \/>\n<meta property=\"og:title\" content=\"Nuestro Equipo - Tecnocars\" \/>\n<meta property=\"og:description\" content=\"Conoce A nuestro Equipo Nuestro mayor enfoque es tu SEGURIDAD y la satisfacci\u00f3n de cada uno de nuestrosclientes atendidos por nuestro equipo profesional. Contamos con un equipo de t\u00e9cnicos expertos y apasionados por la mec\u00e1nica automotriz,dedicados a brindar un servicio confiable, seguro y transparente. \u00a0 TECNO CAR`S TU TALLER DE CONFIANZA\" \/>\n<meta property=\"og:url\" content=\"https:\/\/tecno-cars.com\/index.php\/our-staff\/\" \/>\n<meta property=\"og:site_name\" content=\"Tecnocars\" \/>\n<meta property=\"article:modified_time\" content=\"2025-10-09T18:31:40+00:00\" \/>\n<meta property=\"og:image\" content=\"https:\/\/tecno-cars.com\/wp\/wp-content\/uploads\/elementor\/thumbs\/20251002_121042-scaled-rcxax2i2hq3wh27nrhvzcq7sp6u6svhqwppg3o7z0w.jpg\" \/>\n<meta name=\"twitter:card\" content=\"summary_large_image\" \/>\n<meta name=\"twitter:label1\" content=\"Est. reading time\" \/>\n\t<meta name=\"twitter:data1\" content=\"4 minutos\" \/>\n<script type=\"application\/ld+json\" class=\"yoast-schema-graph\">{\"@context\":\"https:\/\/schema.org\",\"@graph\":[{\"@type\":\"WebPage\",\"@id\":\"https:\/\/tecno-cars.com\/index.php\/our-staff\/\",\"url\":\"https:\/\/tecno-cars.com\/index.php\/our-staff\/\",\"name\":\"Nuestro Equipo - Tecnocars\",\"isPartOf\":{\"@id\":\"https:\/\/tecno-cars.com\/#website\"},\"primaryImageOfPage\":{\"@id\":\"https:\/\/tecno-cars.com\/index.php\/our-staff\/#primaryimage\"},\"image\":{\"@id\":\"https:\/\/tecno-cars.com\/index.php\/our-staff\/#primaryimage\"},\"thumbnailUrl\":\"https:\/\/tecno-cars.com\/wp\/wp-content\/uploads\/elementor\/thumbs\/20251002_121042-scaled-rcxax2i2hq3wh27nrhvzcq7sp6u6svhqwppg3o7z0w.jpg\",\"datePublished\":\"2025-09-24T14:47:43+00:00\",\"dateModified\":\"2025-10-09T18:31:40+00:00\",\"breadcrumb\":{\"@id\":\"https:\/\/tecno-cars.com\/index.php\/our-staff\/#breadcrumb\"},\"inLanguage\":\"es\",\"potentialAction\":[{\"@type\":\"ReadAction\",\"target\":[\"https:\/\/tecno-cars.com\/index.php\/our-staff\/\"]}]},{\"@type\":\"ImageObject\",\"inLanguage\":\"es\",\"@id\":\"https:\/\/tecno-cars.com\/index.php\/our-staff\/#primaryimage\",\"url\":\"https:\/\/tecno-cars.com\/wp\/wp-content\/uploads\/elementor\/thumbs\/20251002_121042-scaled-rcxax2i2hq3wh27nrhvzcq7sp6u6svhqwppg3o7z0w.jpg\",\"contentUrl\":\"https:\/\/tecno-cars.com\/wp\/wp-content\/uploads\/elementor\/thumbs\/20251002_121042-scaled-rcxax2i2hq3wh27nrhvzcq7sp6u6svhqwppg3o7z0w.jpg\"},{\"@type\":\"BreadcrumbList\",\"@id\":\"https:\/\/tecno-cars.com\/index.php\/our-staff\/#breadcrumb\",\"itemListElement\":[{\"@type\":\"ListItem\",\"position\":1,\"name\":\"Home\",\"item\":\"https:\/\/tecno-cars.com\/\"},{\"@type\":\"ListItem\",\"position\":2,\"name\":\"Nuestro Equipo\"}]},{\"@type\":\"WebSite\",\"@id\":\"https:\/\/tecno-cars.com\/#website\",\"url\":\"https:\/\/tecno-cars.com\/\",\"name\":\"Tecnocars\",\"description\":\"Centro de Servicio Automotriz\",\"publisher\":{\"@id\":\"https:\/\/tecno-cars.com\/#organization\"},\"potentialAction\":[{\"@type\":\"SearchAction\",\"target\":{\"@type\":\"EntryPoint\",\"urlTemplate\":\"https:\/\/tecno-cars.com\/?s={search_term_string}\"},\"query-input\":{\"@type\":\"PropertyValueSpecification\",\"valueRequired\":true,\"valueName\":\"search_term_string\"}}],\"inLanguage\":\"es\"},{\"@type\":\"Organization\",\"@id\":\"https:\/\/tecno-cars.com\/#organization\",\"name\":\"Tecnocars\",\"url\":\"https:\/\/tecno-cars.com\/\",\"logo\":{\"@type\":\"ImageObject\",\"inLanguage\":\"es\",\"@id\":\"https:\/\/tecno-cars.com\/#\/schema\/logo\/image\/\",\"url\":\"https:\/\/tecno-cars.com\/wp\/wp-content\/uploads\/2025\/09\/Logo-negro.png\",\"contentUrl\":\"https:\/\/tecno-cars.com\/wp\/wp-content\/uploads\/2025\/09\/Logo-negro.png\",\"width\":1500,\"height\":1500,\"caption\":\"Tecnocars\"},\"image\":{\"@id\":\"https:\/\/tecno-cars.com\/#\/schema\/logo\/image\/\"}}]}<\/script>\n<!-- \/ Yoast SEO plugin. -->","yoast_head_json":{"title":"Nuestro Equipo - Tecnocars","robots":{"index":"index","follow":"follow","max-snippet":"max-snippet:-1","max-image-preview":"max-image-preview:large","max-video-preview":"max-video-preview:-1"},"canonical":"https:\/\/tecno-cars.com\/index.php\/our-staff\/","og_locale":"es_ES","og_type":"article","og_title":"Nuestro Equipo - Tecnocars","og_description":"Conoce A nuestro Equipo Nuestro mayor enfoque es tu SEGURIDAD y la satisfacci\u00f3n de cada uno de nuestrosclientes atendidos por nuestro equipo profesional. Contamos con un equipo de t\u00e9cnicos expertos y apasionados por la mec\u00e1nica automotriz,dedicados a brindar un servicio confiable, seguro y transparente. \u00a0 TECNO CAR`S TU TALLER DE CONFIANZA","og_url":"https:\/\/tecno-cars.com\/index.php\/our-staff\/","og_site_name":"Tecnocars","article_modified_time":"2025-10-09T18:31:40+00:00","og_image":[{"url":"https:\/\/tecno-cars.com\/wp\/wp-content\/uploads\/elementor\/thumbs\/20251002_121042-scaled-rcxax2i2hq3wh27nrhvzcq7sp6u6svhqwppg3o7z0w.jpg","type":"","width":"","height":""}],"twitter_card":"summary_large_image","twitter_misc":{"Est. reading time":"4 minutos"},"schema":{"@context":"https:\/\/schema.org","@graph":[{"@type":"WebPage","@id":"https:\/\/tecno-cars.com\/index.php\/our-staff\/","url":"https:\/\/tecno-cars.com\/index.php\/our-staff\/","name":"Nuestro Equipo - Tecnocars","isPartOf":{"@id":"https:\/\/tecno-cars.com\/#website"},"primaryImageOfPage":{"@id":"https:\/\/tecno-cars.com\/index.php\/our-staff\/#primaryimage"},"image":{"@id":"https:\/\/tecno-cars.com\/index.php\/our-staff\/#primaryimage"},"thumbnailUrl":"https:\/\/tecno-cars.com\/wp\/wp-content\/uploads\/elementor\/thumbs\/20251002_121042-scaled-rcxax2i2hq3wh27nrhvzcq7sp6u6svhqwppg3o7z0w.jpg","datePublished":"2025-09-24T14:47:43+00:00","dateModified":"2025-10-09T18:31:40+00:00","breadcrumb":{"@id":"https:\/\/tecno-cars.com\/index.php\/our-staff\/#breadcrumb"},"inLanguage":"es","potentialAction":[{"@type":"ReadAction","target":["https:\/\/tecno-cars.com\/index.php\/our-staff\/"]}]},{"@type":"ImageObject","inLanguage":"es","@id":"https:\/\/tecno-cars.com\/index.php\/our-staff\/#primaryimage","url":"https:\/\/tecno-cars.com\/wp\/wp-content\/uploads\/elementor\/thumbs\/20251002_121042-scaled-rcxax2i2hq3wh27nrhvzcq7sp6u6svhqwppg3o7z0w.jpg","contentUrl":"https:\/\/tecno-cars.com\/wp\/wp-content\/uploads\/elementor\/thumbs\/20251002_121042-scaled-rcxax2i2hq3wh27nrhvzcq7sp6u6svhqwppg3o7z0w.jpg"},{"@type":"BreadcrumbList","@id":"https:\/\/tecno-cars.com\/index.php\/our-staff\/#breadcrumb","itemListElement":[{"@type":"ListItem","position":1,"name":"Home","item":"https:\/\/tecno-cars.com\/"},{"@type":"ListItem","position":2,"name":"Nuestro Equipo"}]},{"@type":"WebSite","@id":"https:\/\/tecno-cars.com\/#website","url":"https:\/\/tecno-cars.com\/","name":"Tecnocars","description":"Centro de Servicio Automotriz","publisher":{"@id":"https:\/\/tecno-cars.com\/#organization"},"potentialAction":[{"@type":"SearchAction","target":{"@type":"EntryPoint","urlTemplate":"https:\/\/tecno-cars.com\/?s={search_term_string}"},"query-input":{"@type":"PropertyValueSpecification","valueRequired":true,"valueName":"search_term_string"}}],"inLanguage":"es"},{"@type":"Organization","@id":"https:\/\/tecno-cars.com\/#organization","name":"Tecnocars","url":"https:\/\/tecno-cars.com\/","logo":{"@type":"ImageObject","inLanguage":"es","@id":"https:\/\/tecno-cars.com\/#\/schema\/logo\/image\/","url":"https:\/\/tecno-cars.com\/wp\/wp-content\/uploads\/2025\/09\/Logo-negro.png","contentUrl":"https:\/\/tecno-cars.com\/wp\/wp-content\/uploads\/2025\/09\/Logo-negro.png","width":1500,"height":1500,"caption":"Tecnocars"},"image":{"@id":"https:\/\/tecno-cars.com\/#\/schema\/logo\/image\/"}}]}},"_links":{"self":[{"href":"https:\/\/tecno-cars.com\/index.php\/wp-json\/wp\/v2\/pages\/230","targetHints":{"allow":["GET"]}}],"collection":[{"href":"https:\/\/tecno-cars.com\/index.php\/wp-json\/wp\/v2\/pages"}],"about":[{"href":"https:\/\/tecno-cars.com\/index.php\/wp-json\/wp\/v2\/types\/page"}],"author":[{"embeddable":true,"href":"https:\/\/tecno-cars.com\/index.php\/wp-json\/wp\/v2\/users\/1"}],"replies":[{"embeddable":true,"href":"https:\/\/tecno-cars.com\/index.php\/wp-json\/wp\/v2\/comments?post=230"}],"version-history":[{"count":36,"href":"https:\/\/tecno-cars.com\/index.php\/wp-json\/wp\/v2\/pages\/230\/revisions"}],"predecessor-version":[{"id":3340,"href":"https:\/\/tecno-cars.com\/index.php\/wp-json\/wp\/v2\/pages\/230\/revisions\/3340"}],"wp:attachment":[{"href":"https:\/\/tecno-cars.com\/index.php\/wp-json\/wp\/v2\/media?parent=230"}],"curies":[{"name":"wp","href":"https:\/\/api.w.org\/{rel}","templated":true}]}}